{"id":6245,"date":"2021-06-11T16:38:21","date_gmt":"2021-06-11T16:38:21","guid":{"rendered":"https:\/\/www.agronom.rs\/veleprodaja\/"},"modified":"2022-05-26T19:17:54","modified_gmt":"2022-05-26T19:17:54","slug":"wholesale","status":"publish","type":"page","link":"https:\/\/www.agronom.rs\/en\/wholesale\/","title":{"rendered":"Wholesale"},"content":{"rendered":"\t\t<div data-elementor-type=\"wp-page\" data-elementor-id=\"6245\" class=\"elementor elementor-6245 elementor-5653\">\n\t\t\t\t\t\t<section class=\"elementor-section elementor-top-section elementor-element elementor-element-6ebf78e elementor-section-full_width elementor-section-height-default elementor-section-height-default nt-section-ripped-top ripped-top-no nt-section-ripped-bottom ripped-bottom-no\" data-id=\"6ebf78e\" data-element_type=\"section\">\n\t\t\t\t\t\t<div class=\"elementor-container elementor-column-gap-no\">\n\t\t\t\t\t<div class=\"elementor-column elementor-col-100 elementor-top-column elementor-element elementor-element-dc20676\" data-id=\"dc20676\" data-element_type=\"column\">\n\t\t\t<div class=\"elementor-widget-wrap elementor-element-populated\">\n\t\t\t\t\t\t<div class=\"elementor-element elementor-element-57641dc elementor-widget elementor-widget-agrikon-page-hero\" data-id=\"57641dc\" data-element_type=\"widget\" data-widget_type=\"agrikon-page-hero.default\">\n\t\t\t\t<div class=\"elementor-widget-container\">\n\t\t\t<div class=\"page-header\"><div class=\"page-header__bg\"><\/div><div class=\"container\"><h2 class=\"page-title\">Veleprodaja<\/h2><\/div><\/div>\t\t<\/div>\n\t\t\t\t<\/div>\n\t\t\t\t\t<\/div>\n\t\t<\/div>\n\t\t\t\t\t<\/div>\n\t\t<\/section>\n\t\t\t\t<section class=\"elementor-section elementor-top-section elementor-element elementor-element-aa032d4 elementor-section-boxed elementor-section-height-default elementor-section-height-default nt-section-ripped-top ripped-top-no nt-section-ripped-bottom ripped-bottom-no\" data-id=\"aa032d4\" data-element_type=\"section\">\n\t\t\t\t\t\t<div class=\"elementor-container elementor-column-gap-default\">\n\t\t\t\t\t<div class=\"elementor-column elementor-col-50 elementor-top-column elementor-element elementor-element-3efb22e\" data-id=\"3efb22e\" data-element_type=\"column\">\n\t\t\t<div class=\"elementor-widget-wrap elementor-element-populated\">\n\t\t\t\t\t\t<div class=\"elementor-element elementor-element-78f0b83 elementor-widget elementor-widget-text-editor\" data-id=\"78f0b83\" data-element_type=\"widget\" data-widget_type=\"text-editor.default\">\n\t\t\t\t<div class=\"elementor-widget-container\">\n\t\t\t\t\t\t\t<p>Agronom se bavi proizvodnjom veleprodajom i distribucijom merkantilne robe (kukuruza, soje, uljane repice, suncokreta, \u0161e\u0107erne repe, p\u0161enice i je\u010dma) kao i povr\u0107a (luka, krompira, cvekle i paprike). Tako\u0111e, Agronom je jedna od vode\u0107ih veleprodajnih ku\u0107a u Vojvodini. U veleprodajnom asortimanu, pored merkantile i povr\u0107a trgujemo: mineralnim \u0111ubrivima raznih proizvo\u0111a\u010da, sredstvima za za\u0161titu bilja i semenskom robom najpoznatijih doma\u0107ih i svetskih proizvo\u0111a\u010da.<\/p><p>Povr\u0107e koje se nalazi u na\u0161em proizvodnom asortimanu distribuiramo doma\u0107im i stranim trgovinskim lancima, a na\u0161u robu izvozimo u: Rumuniju, Sloveniju, Bugarsku, Hrvatsku, Ma\u0111arsku, Albaniju, Crnu Goru, Bosnu i Hercegovinu.<\/p><p>Sa namerom da unapredimo na\u0161e poslovanje i kontrolu na\u0161ih proizvodnih procesa, a sve u cilju proizvodnje i prodaje zdrave i bezbedne hrane implementirali smo tri Sistema kontrole kvaliteta i porekla na\u0161ih proizvoda.<\/p>\t\t\t\t\t\t<\/div>\n\t\t\t\t<\/div>\n\t\t\t\t<div class=\"elementor-element elementor-element-58656d1 elementor-align-left elementor-icon-list--layout-traditional elementor-list-item-link-full_width elementor-widget elementor-widget-icon-list\" data-id=\"58656d1\" data-element_type=\"widget\" data-widget_type=\"icon-list.default\">\n\t\t\t\t<div class=\"elementor-widget-container\">\n\t\t\t\t\t<ul class=\"elementor-icon-list-items\">\n\t\t\t\t\t\t\t<li class=\"elementor-icon-list-item\">\n\t\t\t\t\t\t\t\t\t\t\t<span class=\"elementor-icon-list-icon\">\n\t\t\t\t\t\t\t<i aria-hidden=\"true\" class=\"far fa-file-alt\"><\/i>\t\t\t\t\t\t<\/span>\n\t\t\t\t\t\t\t\t\t\t<span class=\"elementor-icon-list-text\">GLOBAL G.A.P sertifikat<\/span>\n\t\t\t\t\t\t\t\t\t<\/li>\n\t\t\t\t\t\t\t\t<li class=\"elementor-icon-list-item\">\n\t\t\t\t\t\t\t\t\t\t\t<a href=\"https:\/\/www.agronom.rs\/wp-content\/uploads\/2021\/07\/ozz_1u_srb_haccp_20-1.pdf\" target=\"_blank\" rel=\"nofollow\">\n\n\t\t\t\t\t\t\t\t\t\t\t\t<span class=\"elementor-icon-list-icon\">\n\t\t\t\t\t\t\t<i aria-hidden=\"true\" class=\"far fa-file-alt\"><\/i>\t\t\t\t\t\t<\/span>\n\t\t\t\t\t\t\t\t\t\t<span class=\"elementor-icon-list-text\">HCPP standard<\/span>\n\t\t\t\t\t\t\t\t\t\t\t<\/a>\n\t\t\t\t\t\t\t\t\t<\/li>\n\t\t\t\t\t\t\t\t<li class=\"elementor-icon-list-item\">\n\t\t\t\t\t\t\t\t\t\t\t<a href=\"https:\/\/www.agronom.rs\/wp-content\/uploads\/2021\/07\/OZZ-AGRONOM_CERTIFICATE_VERSION1_APP.pdf\" target=\"_blank\" rel=\"nofollow\">\n\n\t\t\t\t\t\t\t\t\t\t\t\t<span class=\"elementor-icon-list-icon\">\n\t\t\t\t\t\t\t<i aria-hidden=\"true\" class=\"far fa-file-alt\"><\/i>\t\t\t\t\t\t<\/span>\n\t\t\t\t\t\t\t\t\t\t<span class=\"elementor-icon-list-text\">ISCC sertifikat<\/span>\n\t\t\t\t\t\t\t\t\t\t\t<\/a>\n\t\t\t\t\t\t\t\t\t<\/li>\n\t\t\t\t\t\t<\/ul>\n\t\t\t\t<\/div>\n\t\t\t\t<\/div>\n\t\t\t\t\t<\/div>\n\t\t<\/div>\n\t\t\t\t<div class=\"elementor-column elementor-col-50 elementor-top-column elementor-element elementor-element-58c2219\" data-id=\"58c2219\" data-element_type=\"column\">\n\t\t\t<div class=\"elementor-widget-wrap elementor-element-populated\">\n\t\t\t\t\t\t<div class=\"elementor-element elementor-element-22509a0 elementor-widget elementor-widget-image\" data-id=\"22509a0\" data-element_type=\"widget\" data-widget_type=\"image.default\">\n\t\t\t\t<div class=\"elementor-widget-container\">\n\t\t\t\t\t\t\t\t\t\t\t\t\t<img fetchpriority=\"high\" decoding=\"async\" width=\"500\" height=\"500\" src=\"https:\/\/www.agronom.rs\/wp-content\/uploads\/2021\/08\/AIP_132-500x500.jpg\" class=\"attachment-agrikon-square size-agrikon-square wp-image-6033\" alt=\"\" srcset=\"https:\/\/www.agronom.rs\/wp-content\/uploads\/2021\/08\/AIP_132-500x500.jpg 500w, https:\/\/www.agronom.rs\/wp-content\/uploads\/2021\/08\/AIP_132-150x150.jpg 150w, https:\/\/www.agronom.rs\/wp-content\/uploads\/2021\/08\/AIP_132-750x750.jpg 750w\" sizes=\"(max-width: 500px) 100vw, 500px\" \/>\t\t\t\t\t\t\t\t\t\t\t\t\t<\/div>\n\t\t\t\t<\/div>\n\t\t\t\t\t<\/div>\n\t\t<\/div>\n\t\t\t\t\t<\/div>\n\t\t<\/section>\n\t\t\t\t<\/div>\n\t\t","protected":false},"excerpt":{"rendered":"<p>Veleprodaja Agronom se bavi proizvodnjom veleprodajom i distribucijom merkantilne robe (kukuruza, soje, uljane repice, suncokreta, \u0161e\u0107erne repe, p\u0161enice i je\u010dma) kao i povr\u0107a (luka, krompira, cvekle i paprike). Tako\u0111e, Agronom je jedna od vode\u0107ih veleprodajnih ku\u0107a u Vojvodini. U veleprodajnom asortimanu, pored merkantile i povr\u0107a trgujemo: mineralnim \u0111ubrivima raznih proizvo\u0111a\u010da, sredstvima za za\u0161titu bilja i&#8230;<\/p>\n","protected":false},"author":2,"featured_media":0,"parent":0,"menu_order":0,"comment_status":"closed","ping_status":"closed","template":"","meta":{"footnotes":""},"class_list":{"0":"post-6245","1":"page","2":"type-page","3":"status-publish","4":"hentry","5":"nt-post-class","6":"","8":"thumb-none","10":"excerpt-none"},"yoast_head":"<!-- This site is optimized with the Yoast SEO plugin v22.9 - https:\/\/yoast.com\/wordpress\/plugins\/seo\/ -->\n<title>Wholesale - Agronom<\/title>\n<meta name=\"robots\" content=\"index, follow, max-snippet:-1, max-image-preview:large, max-video-preview:-1\" \/>\n<link rel=\"canonical\" href=\"https:\/\/www.agronom.rs\/en\/wholesale\/\" \/>\n<meta property=\"og:locale\" content=\"en_US\" \/>\n<meta property=\"og:type\" content=\"article\" \/>\n<meta property=\"og:title\" content=\"Wholesale - Agronom\" \/>\n<meta property=\"og:description\" content=\"Veleprodaja Agronom se bavi proizvodnjom veleprodajom i distribucijom merkantilne robe (kukuruza, soje, uljane repice, suncokreta, \u0161e\u0107erne repe, p\u0161enice i je\u010dma) kao i povr\u0107a (luka, krompira, cvekle i paprike). Tako\u0111e, Agronom je jedna od vode\u0107ih veleprodajnih ku\u0107a u Vojvodini. U veleprodajnom asortimanu, pored merkantile i povr\u0107a trgujemo: mineralnim \u0111ubrivima raznih proizvo\u0111a\u010da, sredstvima za za\u0161titu bilja i...\" \/>\n<meta property=\"og:url\" content=\"https:\/\/www.agronom.rs\/en\/wholesale\/\" \/>\n<meta property=\"og:site_name\" content=\"Agronom\" \/>\n<meta property=\"article:modified_time\" content=\"2022-05-26T19:17:54+00:00\" \/>\n<meta property=\"og:image\" content=\"https:\/\/www.agronom.rs\/wp-content\/uploads\/2021\/08\/AIP_132-500x500.jpg\" \/>\n<meta name=\"twitter:card\" content=\"summary_large_image\" \/>\n<meta name=\"twitter:label1\" content=\"Est. reading time\" \/>\n\t<meta name=\"twitter:data1\" content=\"1 minute\" \/>\n<script type=\"application\/ld+json\" class=\"yoast-schema-graph\">{\"@context\":\"https:\/\/schema.org\",\"@graph\":[{\"@type\":\"WebPage\",\"@id\":\"https:\/\/www.agronom.rs\/en\/wholesale\/\",\"url\":\"https:\/\/www.agronom.rs\/en\/wholesale\/\",\"name\":\"Wholesale - Agronom\",\"isPartOf\":{\"@id\":\"https:\/\/www.agronom.rs\/#website\"},\"primaryImageOfPage\":{\"@id\":\"https:\/\/www.agronom.rs\/en\/wholesale\/#primaryimage\"},\"image\":{\"@id\":\"https:\/\/www.agronom.rs\/en\/wholesale\/#primaryimage\"},\"thumbnailUrl\":\"https:\/\/www.agronom.rs\/wp-content\/uploads\/2021\/08\/AIP_132-500x500.jpg\",\"datePublished\":\"2021-06-11T16:38:21+00:00\",\"dateModified\":\"2022-05-26T19:17:54+00:00\",\"breadcrumb\":{\"@id\":\"https:\/\/www.agronom.rs\/en\/wholesale\/#breadcrumb\"},\"inLanguage\":\"en-US\",\"potentialAction\":[{\"@type\":\"ReadAction\",\"target\":[\"https:\/\/www.agronom.rs\/en\/wholesale\/\"]}]},{\"@type\":\"ImageObject\",\"inLanguage\":\"en-US\",\"@id\":\"https:\/\/www.agronom.rs\/en\/wholesale\/#primaryimage\",\"url\":\"https:\/\/www.agronom.rs\/wp-content\/uploads\/2021\/08\/AIP_132-500x500.jpg\",\"contentUrl\":\"https:\/\/www.agronom.rs\/wp-content\/uploads\/2021\/08\/AIP_132-500x500.jpg\"},{\"@type\":\"BreadcrumbList\",\"@id\":\"https:\/\/www.agronom.rs\/en\/wholesale\/#breadcrumb\",\"itemListElement\":[{\"@type\":\"ListItem\",\"position\":1,\"name\":\"\u041f\u043e\u0447\u0435\u0442\u043d\u0430\",\"item\":\"https:\/\/www.agronom.rs\/\"},{\"@type\":\"ListItem\",\"position\":2,\"name\":\"Wholesale\"}]},{\"@type\":\"WebSite\",\"@id\":\"https:\/\/www.agronom.rs\/#website\",\"url\":\"https:\/\/www.agronom.rs\/\",\"name\":\"Agronom\",\"description\":\"\",\"publisher\":{\"@id\":\"https:\/\/www.agronom.rs\/#organization\"},\"potentialAction\":[{\"@type\":\"SearchAction\",\"target\":{\"@type\":\"EntryPoint\",\"urlTemplate\":\"https:\/\/www.agronom.rs\/?s={search_term_string}\"},\"query-input\":\"required name=search_term_string\"}],\"inLanguage\":\"en-US\"},{\"@type\":\"Organization\",\"@id\":\"https:\/\/www.agronom.rs\/#organization\",\"name\":\"Agronom Despotovo Pivnice\",\"url\":\"https:\/\/www.agronom.rs\/\",\"logo\":{\"@type\":\"ImageObject\",\"inLanguage\":\"en-US\",\"@id\":\"https:\/\/www.agronom.rs\/#\/schema\/logo\/image\/\",\"url\":\"https:\/\/www.agronom.rs\/wp-content\/uploads\/2021\/08\/cropped-agronomfavicon.jpg\",\"contentUrl\":\"https:\/\/www.agronom.rs\/wp-content\/uploads\/2021\/08\/cropped-agronomfavicon.jpg\",\"width\":512,\"height\":512,\"caption\":\"Agronom Despotovo Pivnice\"},\"image\":{\"@id\":\"https:\/\/www.agronom.rs\/#\/schema\/logo\/image\/\"}}]}<\/script>\n<!-- \/ Yoast SEO plugin. -->","yoast_head_json":{"title":"Wholesale - Agronom","robots":{"index":"index","follow":"follow","max-snippet":"max-snippet:-1","max-image-preview":"max-image-preview:large","max-video-preview":"max-video-preview:-1"},"canonical":"https:\/\/www.agronom.rs\/en\/wholesale\/","og_locale":"en_US","og_type":"article","og_title":"Wholesale - Agronom","og_description":"Veleprodaja Agronom se bavi proizvodnjom veleprodajom i distribucijom merkantilne robe (kukuruza, soje, uljane repice, suncokreta, \u0161e\u0107erne repe, p\u0161enice i je\u010dma) kao i povr\u0107a (luka, krompira, cvekle i paprike). Tako\u0111e, Agronom je jedna od vode\u0107ih veleprodajnih ku\u0107a u Vojvodini. U veleprodajnom asortimanu, pored merkantile i povr\u0107a trgujemo: mineralnim \u0111ubrivima raznih proizvo\u0111a\u010da, sredstvima za za\u0161titu bilja i...","og_url":"https:\/\/www.agronom.rs\/en\/wholesale\/","og_site_name":"Agronom","article_modified_time":"2022-05-26T19:17:54+00:00","og_image":[{"url":"https:\/\/www.agronom.rs\/wp-content\/uploads\/2021\/08\/AIP_132-500x500.jpg"}],"twitter_card":"summary_large_image","twitter_misc":{"Est. reading time":"1 minute"},"schema":{"@context":"https:\/\/schema.org","@graph":[{"@type":"WebPage","@id":"https:\/\/www.agronom.rs\/en\/wholesale\/","url":"https:\/\/www.agronom.rs\/en\/wholesale\/","name":"Wholesale - Agronom","isPartOf":{"@id":"https:\/\/www.agronom.rs\/#website"},"primaryImageOfPage":{"@id":"https:\/\/www.agronom.rs\/en\/wholesale\/#primaryimage"},"image":{"@id":"https:\/\/www.agronom.rs\/en\/wholesale\/#primaryimage"},"thumbnailUrl":"https:\/\/www.agronom.rs\/wp-content\/uploads\/2021\/08\/AIP_132-500x500.jpg","datePublished":"2021-06-11T16:38:21+00:00","dateModified":"2022-05-26T19:17:54+00:00","breadcrumb":{"@id":"https:\/\/www.agronom.rs\/en\/wholesale\/#breadcrumb"},"inLanguage":"en-US","potentialAction":[{"@type":"ReadAction","target":["https:\/\/www.agronom.rs\/en\/wholesale\/"]}]},{"@type":"ImageObject","inLanguage":"en-US","@id":"https:\/\/www.agronom.rs\/en\/wholesale\/#primaryimage","url":"https:\/\/www.agronom.rs\/wp-content\/uploads\/2021\/08\/AIP_132-500x500.jpg","contentUrl":"https:\/\/www.agronom.rs\/wp-content\/uploads\/2021\/08\/AIP_132-500x500.jpg"},{"@type":"BreadcrumbList","@id":"https:\/\/www.agronom.rs\/en\/wholesale\/#breadcrumb","itemListElement":[{"@type":"ListItem","position":1,"name":"\u041f\u043e\u0447\u0435\u0442\u043d\u0430","item":"https:\/\/www.agronom.rs\/"},{"@type":"ListItem","position":2,"name":"Wholesale"}]},{"@type":"WebSite","@id":"https:\/\/www.agronom.rs\/#website","url":"https:\/\/www.agronom.rs\/","name":"Agronom","description":"","publisher":{"@id":"https:\/\/www.agronom.rs\/#organization"},"potentialAction":[{"@type":"SearchAction","target":{"@type":"EntryPoint","urlTemplate":"https:\/\/www.agronom.rs\/?s={search_term_string}"},"query-input":"required name=search_term_string"}],"inLanguage":"en-US"},{"@type":"Organization","@id":"https:\/\/www.agronom.rs\/#organization","name":"Agronom Despotovo Pivnice","url":"https:\/\/www.agronom.rs\/","logo":{"@type":"ImageObject","inLanguage":"en-US","@id":"https:\/\/www.agronom.rs\/#\/schema\/logo\/image\/","url":"https:\/\/www.agronom.rs\/wp-content\/uploads\/2021\/08\/cropped-agronomfavicon.jpg","contentUrl":"https:\/\/www.agronom.rs\/wp-content\/uploads\/2021\/08\/cropped-agronomfavicon.jpg","width":512,"height":512,"caption":"Agronom Despotovo Pivnice"},"image":{"@id":"https:\/\/www.agronom.rs\/#\/schema\/logo\/image\/"}}]}},"_links":{"self":[{"href":"https:\/\/www.agronom.rs\/en\/wp-json\/wp\/v2\/pages\/6245","targetHints":{"allow":["GET"]}}],"collection":[{"href":"https:\/\/www.agronom.rs\/en\/wp-json\/wp\/v2\/pages"}],"about":[{"href":"https:\/\/www.agronom.rs\/en\/wp-json\/wp\/v2\/types\/page"}],"author":[{"embeddable":true,"href":"https:\/\/www.agronom.rs\/en\/wp-json\/wp\/v2\/users\/2"}],"replies":[{"embeddable":true,"href":"https:\/\/www.agronom.rs\/en\/wp-json\/wp\/v2\/comments?post=6245"}],"version-history":[{"count":5,"href":"https:\/\/www.agronom.rs\/en\/wp-json\/wp\/v2\/pages\/6245\/revisions"}],"predecessor-version":[{"id":6906,"href":"https:\/\/www.agronom.rs\/en\/wp-json\/wp\/v2\/pages\/6245\/revisions\/6906"}],"wp:attachment":[{"href":"https:\/\/www.agronom.rs\/en\/wp-json\/wp\/v2\/media?parent=6245"}],"curies":[{"name":"wp","href":"https:\/\/api.w.org\/{rel}","templated":true}]}}